{"id":241,"date":"2026-04-16T11:27:42","date_gmt":"2026-04-16T11:27:42","guid":{"rendered":"https:\/\/dldclinic.es\/?page_id=241"},"modified":"2026-04-16T11:27:42","modified_gmt":"2026-04-16T11:27:42","slug":"condiciones-generales","status":"publish","type":"page","link":"https:\/\/dldclinic.es\/?page_id=241","title":{"rendered":"CONDICIONES GENERALES"},"content":{"rendered":"<p>[et_pb_section fb_built=\u00bb1&#8243; theme_builder_area=\u00bbpost_content\u00bb _builder_version=\u00bb4.27.4&#8243; _module_preset=\u00bbdefault\u00bb][et_pb_row _builder_version=\u00bb4.27.4&#8243; _module_preset=\u00bbdefault\u00bb theme_builder_area=\u00bbpost_content\u00bb][et_pb_column _builder_version=\u00bb4.27.4&#8243; _module_preset=\u00bbdefault\u00bb type=\u00bb4_4&#8243; theme_builder_area=\u00bbpost_content\u00bb][et_pb_text _builder_version=\u00bb4.27.4&#8243; _module_preset=\u00bbdefault\u00bb theme_builder_area=\u00bbpost_content\u00bb hover_enabled=\u00bb0&#8243; sticky_enabled=\u00bb0&#8243; text_font_size=\u00bb19px\u00bb text_text_color=\u00bb#000000&#8243; text_font=\u00bb&#8211;et_global_heading_font||||||||\u00bb]<\/p>\n<p><strong>CONDICIONES GENERALES DE CITAS, RESERVA Y CANCELACI\u00d3N<\/strong><\/p>\n<p>1. POL\u00cdTICA DE FUNCIONAMIENTO<br \/>Para la atenci\u00f3n en consulta es imprescindible cita previa.<br \/>La consulta m\u00e9dica tiene un coste de 50 \u20ac, que deber\u00e1 abonarse con car\u00e1cter previo para<br \/>confirmar la cita. Este importe tiene la consideraci\u00f3n de dep\u00f3sito y ser\u00e1 descontado del precio<br \/>final en caso de que el paciente realice posteriormente un tratamiento en la cl\u00ednica en un plazo<br \/>m\u00e1ximo de 6 meses.<br \/>El precio de la consulta no incluye la realizaci\u00f3n de procedimientos infiltrados, quir\u00fargicos,<br \/>est\u00e9ticos o tratamientos l\u00e1ser, que se presupuestar\u00e1n de forma independiente.<br \/>Los bonos son personales e intransferibles y tienen una validez de 15 meses desde su compra.<br \/>Se admiten pagos mediante tarjeta, efectivo o transferencia bancaria.<br \/>En caso de que el paciente precise recetas m\u00e9dicas, estas ser\u00e1n expedidas durante el tiempo<br \/>que dure el tratamiento indicado por el facultativo. Con car\u00e1cter general, la duraci\u00f3n ser\u00e1 de<br \/>un a\u00f1o desde el inicio del tratamiento, salvo criterio m\u00e9dico.<br \/>La no asistencia a citas sin cancelaci\u00f3n con al menos 24 horas de antelaci\u00f3n podr\u00e1 implicar la<br \/>exigencia de pago anticipado para futuras reservas.<br \/>Para garantizar la calidad de la atenci\u00f3n y el respeto al tiempo de todos nuestros pacientes, el<br \/>retraso superior a 15 minutos podr\u00e1 suponer la reprogramaci\u00f3n de la cita, consider\u00e1ndose<br \/>como no presentada.<br \/>2. RESERVA DE INTERVENCI\u00d3N QUIR\u00daRGICA<br \/>Una vez acordada una fecha para la intervenci\u00f3n, el paciente dispone de 15 d\u00edas naturales para<br \/>formalizar la reserva mediante el abono de 500\u20ac, que ser\u00e1n descontados del presupuesto<br \/>total.<br \/>La reserva implica:<br \/>&#8211; Asignaci\u00f3n de quir\u00f3fano<br \/>&#8211; Planificaci\u00f3n m\u00e9dica personalizada<br \/>&#8211; Bloqueo de agenda del equipo m\u00e9dico<br \/>&#8211; Imposibilidad de asignar ese espacio a otros pacientes<br \/>3. ACEPTACI\u00d3N DE CONDICIONES<br \/>El pago de la reserva implica la aceptaci\u00f3n expresa, plena y sin reservas de estas condiciones,<br \/>incluyendo la pol\u00edtica de cancelaci\u00f3n.<br \/>4. CANCELACI\u00d3N POR PARTE DEL PACIENTE<br \/>El paciente podr\u00e1 cancelar la intervenci\u00f3n comunic\u00e1ndolo por v\u00eda escrita (email o Whatsapp)<br \/>con al menos 40 d\u00edas naturales de antelaci\u00f3n.<br \/>En caso contrario, perder\u00e1 \u00edntegramente el importe de la reserva (500 \u20ac), en concepto de:<br \/>&#8211; Gastos de gesti\u00f3n y planificaci\u00f3n<br \/>&#8211; Organizaci\u00f3n de recursos m\u00e9dicos<br \/>&#8211; Perjuicio econ\u00f3mico derivado del bloqueo de agenda<br \/>5. MODIFICACI\u00d3N DE FECHA<br \/>El paciente podr\u00e1 solicitar un cambio de fecha, sujeto a disponibilidad, siempre que lo<br \/>comunique con al menos 40 d\u00edas naturales de antelaci\u00f3n.<br \/>En caso contrario, se aplicar\u00e1n las condiciones de cancelaci\u00f3n.<br \/>6. EXCEPCIONES (FUERZA MAYOR)<br \/>No se aplicar\u00e1 la p\u00e9rdida de la reserva en caso de fuerza mayor debidamente justificada, como:<br \/>&#8211; Enfermedad grave<br \/>&#8211; Accidente<br \/>&#8211; Situaciones m\u00e9dicas que imposibiliten la intervenci\u00f3n<br \/>7. CANCELACI\u00d3N POR CAUSAS IMPUTABLES AL PACIENTE<br \/>La cl\u00ednica podr\u00e1 cancelar la intervenci\u00f3n cuando no se cumplan las condiciones necesarias para<br \/>garantizar la seguridad del procedimiento.<br \/>Se considerar\u00e1n causas imputables al paciente:<br \/>&#8211; No aportar anal\u00edticas en plazo indicado por la cl\u00ednica (m\u00ednimo un mes antes y m\u00e1ximo 2<br \/>meses antes)<br \/>&#8211; No seguir indicaciones m\u00e9dicas<br \/>&#8211; Ocultar informaci\u00f3n relevante<br \/>En estos casos, se perder\u00e1 el importe de la reserva.<br \/>8. DERECHO DE DESISTIMIENTO<br \/>Al tratarse de servicios de salud personalizados y con reserva de fecha espec\u00edfica, una vez<br \/>transcurrido el plazo de preaviso de 40 d\u00edas, el paciente pierde el derecho de desistimiento por<br \/>los gastos de gesti\u00f3n y bloqueo de recursos ya incurridos.<br \/>9. DEVOLUCIONES<br \/>En los casos en que proceda la devoluci\u00f3n, esta se realizar\u00e1 por el mismo medio de pago en un<br \/>plazo m\u00e1ximo de 14 d\u00edas naturales.<br \/>10. RESPONSABILIDAD Y CRITERIO M\u00c9DICO<br \/>La cl\u00ednica podr\u00e1 modificar o cancelar procedimientos por criterio m\u00e9dico o causas de fuerza<br \/>mayor.<br \/>La realizaci\u00f3n de cualquier intervenci\u00f3n estar\u00e1 siempre supeditada a la valoraci\u00f3n m\u00e9dica.<br \/>11. COMUNICACIONES<br \/>Las comunicaciones podr\u00e1n realizarse por tel\u00e9fono, email o WhatsApp, consider\u00e1ndose v\u00e1lidas<br \/>a todos los efectos.<br \/>Las cancelaciones o modificaciones de cirug\u00edas deben realizarse siempre por escrito (email o<br \/>WhatsApp).<br \/>12. PROTECCI\u00d3N DE DATOS<br \/>Los datos personales ser\u00e1n tratados conforme a la normativa vigente en materia de protecci\u00f3n<br \/>de datos.<\/p>\n<p>[\/et_pb_text][\/et_pb_column][\/et_pb_row][\/et_pb_section]<\/p>\n","protected":false},"excerpt":{"rendered":"<p>CONDICIONES GENERALES DE CITAS, RESERVA Y CANCELACI\u00d3N 1. POL\u00cdTICA DE FUNCIONAMIENTOPara la atenci\u00f3n en consulta es imprescindible cita previa.La consulta m\u00e9dica tiene un coste de 50 \u20ac, que deber\u00e1 abonarse con car\u00e1cter previo paraconfirmar la cita. Este importe tiene la consideraci\u00f3n de dep\u00f3sito y ser\u00e1 descontado del preciofinal en caso de que el paciente realice [&hellip;]<\/p>\n","protected":false},"author":1,"featured_media":0,"parent":0,"menu_order":0,"comment_status":"closed","ping_status":"closed","template":"","meta":{"_et_pb_use_builder":"on","_et_pb_old_content":"","_et_gb_content_width":"","footnotes":""},"class_list":["post-241","page","type-page","status-publish","hentry"],"_links":{"self":[{"href":"https:\/\/dldclinic.es\/index.php?rest_route=\/wp\/v2\/pages\/241","targetHints":{"allow":["GET"]}}],"collection":[{"href":"https:\/\/dldclinic.es\/index.php?rest_route=\/wp\/v2\/pages"}],"about":[{"href":"https:\/\/dldclinic.es\/index.php?rest_route=\/wp\/v2\/types\/page"}],"author":[{"embeddable":true,"href":"https:\/\/dldclinic.es\/index.php?rest_route=\/wp\/v2\/users\/1"}],"replies":[{"embeddable":true,"href":"https:\/\/dldclinic.es\/index.php?rest_route=%2Fwp%2Fv2%2Fcomments&post=241"}],"version-history":[{"count":2,"href":"https:\/\/dldclinic.es\/index.php?rest_route=\/wp\/v2\/pages\/241\/revisions"}],"predecessor-version":[{"id":243,"href":"https:\/\/dldclinic.es\/index.php?rest_route=\/wp\/v2\/pages\/241\/revisions\/243"}],"wp:attachment":[{"href":"https:\/\/dldclinic.es\/index.php?rest_route=%2Fwp%2Fv2%2Fmedia&parent=241"}],"curies":[{"name":"wp","href":"https:\/\/api.w.org\/{rel}","templated":true}]}}